{"id":50,"date":"2013-10-30T01:27:43","date_gmt":"2013-10-30T05:27:43","guid":{"rendered":"http:\/\/oneupprod.com\/?page_id=50"},"modified":"2022-07-20T01:03:57","modified_gmt":"2022-07-20T05:03:57","slug":"lorganisme","status":"publish","type":"page","link":"http:\/\/oneupprod.com\/?page_id=50","title":{"rendered":"L&#8217;Organisme"},"content":{"rendered":"<div id=\"pl-50\"  class=\"panel-layout\" ><div id=\"pg-50-0\"  class=\"panel-grid panel-no-style\" ><div id=\"pgc-50-0-0\"  class=\"panel-grid-cell\" ><div id=\"panel-50-0-0-0\" class=\"so-panel widget widget_headline-widget panel-first-child\" data-index=\"0\" >\t\t<h1>\u00c0 Propos de l&#039;organisme<\/h1>\n\t\t<div class=\"decoration\"><div class=\"decoration-inside\"><\/div><\/div>\n\t\t<h3><\/h3>\n\t\t<\/div><div id=\"panel-50-0-0-1\" class=\"so-panel widget widget_text\" data-index=\"1\" ><h3 class=\"widget-title\">La mission<\/h3>\t\t\t<div class=\"textwidget\"><p>LES PRODUCTIONS ONE UP est un organisme \u00e0 but non lucratif ayant comme mission de promouvoir la culture et les arts de la sc\u00e8ne dans la province de Qu\u00e9bec en proposant des \u00e9v\u00e9nements professionnels qui mettent en valeur les talents locaux, r\u00e9gionaux, nationaux et internationaux.<\/p>\n<\/div>\n\t\t<\/div><div id=\"panel-50-0-0-2\" class=\"so-panel widget widget_text\" data-index=\"2\" ><h3 class=\"widget-title\">Notre Vision<\/h3>\t\t\t<div class=\"textwidget\"><p>L\u2019organisme, qui oeuvre dans la sph\u00e8re de l\u2019\u00e9conomie sociale, souhaite d\u00e9montrer qu&#8217;il\u00a0existe plusieurs artistes \u00e9mergents dans toutes les r\u00e9gions du Qu\u00e9bec et qu\u2019ils m\u00e9ritent une place importante au sein\u00a0de la\u00a0collectivit\u00e9.<\/p>\n<\/div>\n\t\t<\/div><div id=\"panel-50-0-0-3\" class=\"so-panel widget widget_text panel-last-child\" data-index=\"3\" ><h3 class=\"widget-title\">Nos Valeurs<\/h3>\t\t\t<div class=\"textwidget\"><p><b>\u00c9CORESPONSABILIT\u00c9 ET ENVIRONNEMENT<\/b><br \/>\nL\u2019aspect \u00e9coresponsable est primordial dans l\u2019organisation. L\u2019application de mesures concr\u00e8tes telles que le recyclage, le compostage, l\u2019utilisation de r\u00e9cipients r\u00e9utilisables ainsi qu\u2019en favorisant le choix de fournisseurs et partenaires locaux, soucieux de l\u2019environnement sont nos valeurs de bases.<\/p>\n<p><b>PROFESSIONALISME<\/b><br \/>\nLa capacit\u00e9 \u00e0 assurer s\u00e9rieusement un engagement concret et de qualit\u00e9 envers la soci\u00e9t\u00e9.<\/p>\n<p><b>D\u00c9VELOPPEMENT DES COLLECTIVIT\u00c9S<\/b><br \/>\nL\u2019organisation d\u2019\u00e9v\u00e9nements en r\u00e9gion permet de tisser des liens entre les membres d\u2019une communaut\u00e9 en rassemblant les gens dans un lieu et concept qui les repr\u00e9sente.<\/p>\n<p><b>SOUTIENT \u00c0 LA REL\u00c8VE ET \u00c0 L&#8217;ART \u00c9MERGENT<\/b><br \/>\nSoutenir les jeunes et les nouveaux projets qui deviendront le futur de notre soci\u00e9t\u00e9.<\/p>\n<p><b>SAINES HABITUDES DE VIE<\/b><br \/>\nPromouvoir les saines habitudes tels l\u2019activit\u00e9 physique, une saine alimentation ainsi qu\u2019un mode de vie \u00e9quilibr\u00e9e.<\/p>\n<\/div>\n\t\t<\/div><\/div><\/div><\/div>","protected":false},"excerpt":{"rendered":"<p>LES PRODUCTIONS ONE UP est un organisme \u00e0 but non lucratif ayant comme mission de promouvoir la culture et les arts de la sc\u00e8ne dans la province de Qu\u00e9bec en proposant des \u00e9v\u00e9nements professionnels qui mettent en valeur les talents locaux, r\u00e9gionaux, nationaux et internationaux. L\u2019organisme, qui oeuvre dans la sph\u00e8re de l\u2019\u00e9conomie sociale, souhaite [&hellip;]<\/p>\n","protected":false},"author":1,"featured_media":0,"parent":0,"menu_order":0,"comment_status":"closed","ping_status":"open","template":"templates\/template-full-notitle.php","meta":{"footnotes":""},"class_list":["post-50","page","type-page","status-publish","hentry","post"],"_links":{"self":[{"href":"http:\/\/oneupprod.com\/index.php?rest_route=\/wp\/v2\/pages\/50","targetHints":{"allow":["GET"]}}],"collection":[{"href":"http:\/\/oneupprod.com\/index.php?rest_route=\/wp\/v2\/pages"}],"about":[{"href":"http:\/\/oneupprod.com\/index.php?rest_route=\/wp\/v2\/types\/page"}],"author":[{"embeddable":true,"href":"http:\/\/oneupprod.com\/index.php?rest_route=\/wp\/v2\/users\/1"}],"replies":[{"embeddable":true,"href":"http:\/\/oneupprod.com\/index.php?rest_route=%2Fwp%2Fv2%2Fcomments&post=50"}],"version-history":[{"count":11,"href":"http:\/\/oneupprod.com\/index.php?rest_route=\/wp\/v2\/pages\/50\/revisions"}],"predecessor-version":[{"id":199,"href":"http:\/\/oneupprod.com\/index.php?rest_route=\/wp\/v2\/pages\/50\/revisions\/199"}],"wp:attachment":[{"href":"http:\/\/oneupprod.com\/index.php?rest_route=%2Fwp%2Fv2%2Fmedia&parent=50"}],"curies":[{"name":"wp","href":"https:\/\/api.w.org\/{rel}","templated":true}]}}