{"id":36,"date":"2013-10-30T01:15:07","date_gmt":"2013-10-30T05:15:07","guid":{"rendered":"http:\/\/oneupprod.com\/?page_id=36"},"modified":"2022-07-20T01:04:47","modified_gmt":"2022-07-20T05:04:47","slug":"rockaganza","status":"publish","type":"page","link":"http:\/\/oneupprod.com\/?page_id=36","title":{"rendered":"Rockaganza!"},"content":{"rendered":"<div id=\"pl-36\"  class=\"panel-layout\" ><div id=\"pg-36-0\"  class=\"panel-grid panel-no-style\" ><div id=\"pgc-36-0-0\"  class=\"panel-grid-cell\" ><div id=\"panel-36-0-0-0\" class=\"so-panel widget widget_headline-widget panel-first-child panel-last-child\" data-index=\"0\" >\t\t<h1>ROCKAGANZA - Drummondville<\/h1>\n\t\t<div class=\"decoration\"><div class=\"decoration-inside\"><\/div><\/div>\n\t\t<h3>2014-2019<\/h3>\n\t\t<\/div><\/div><\/div><div id=\"pg-36-1\"  class=\"panel-grid panel-no-style\" ><div id=\"pgc-36-1-0\"  class=\"panel-grid-cell\" ><div id=\"panel-36-1-0-0\" class=\"so-panel widget widget_widget_sp_image widget_sp_image panel-first-child\" data-index=\"1\" ><img loading=\"lazy\" decoding=\"async\" width=\"720\" height=\"480\" class=\"attachment-large aligncenter\" style=\"max-width: 100%;\" srcset=\"http:\/\/oneupprod.com\/wp-content\/uploads\/2018\/02\/DSC02897_low-1024x683.jpg 1024w, http:\/\/oneupprod.com\/wp-content\/uploads\/2018\/02\/DSC02897_low-300x200.jpg 300w, http:\/\/oneupprod.com\/wp-content\/uploads\/2018\/02\/DSC02897_low-768x512.jpg 768w, http:\/\/oneupprod.com\/wp-content\/uploads\/2018\/02\/DSC02897_low-272x182.jpg 272w\" sizes=\"auto, (max-width: 720px) 100vw, 720px\" src=\"http:\/\/oneupprod.com\/wp-content\/uploads\/2018\/02\/DSC02897_low-1024x683.jpg\" \/><\/div><div id=\"panel-36-1-0-1\" class=\"so-panel widget widget_widget_sp_image widget_sp_image panel-last-child\" data-index=\"2\" ><img loading=\"lazy\" decoding=\"async\" width=\"720\" height=\"480\" class=\"attachment-large aligncenter\" style=\"max-width: 100%;\" srcset=\"http:\/\/oneupprod.com\/wp-content\/uploads\/2018\/02\/DSC02004_low-1024x683.jpg 1024w, http:\/\/oneupprod.com\/wp-content\/uploads\/2018\/02\/DSC02004_low-300x200.jpg 300w, http:\/\/oneupprod.com\/wp-content\/uploads\/2018\/02\/DSC02004_low-768x512.jpg 768w, http:\/\/oneupprod.com\/wp-content\/uploads\/2018\/02\/DSC02004_low-272x182.jpg 272w\" sizes=\"auto, (max-width: 720px) 100vw, 720px\" src=\"http:\/\/oneupprod.com\/wp-content\/uploads\/2018\/02\/DSC02004_low-1024x683.jpg\" \/><\/div><\/div><div id=\"pgc-36-1-1\"  class=\"panel-grid-cell\" ><div id=\"panel-36-1-1-0\" class=\"so-panel widget widget_text panel-first-child\" data-index=\"3\" ><h3 class=\"widget-title\">\u27a1 Objectif<\/h3>\t\t\t<div class=\"textwidget\"><p>L\u2019objectif de \u00ab ROCKAGANZA! \u00bb est de proposer un lieu de rendez-vous au centre du Qu\u00e9bec afin de r\u00e9unir les amateurs de Rock, Folk, Ska, Pop-Punk-Rock. L&#8217;\u00e9v\u00e9nement souhaite d\u00e9montrer qu&#8217;il existe plusieurs artistes \u00e9mergents au Qu\u00e9bec. Une sc\u00e8ne secondaire en alternance avec la sc\u00e8ne principale est enti\u00e8rement d\u00e9di\u00e9e aux groupes de la rel\u00e8ve.<\/p>\n<\/div>\n\t\t<\/div><div id=\"panel-36-1-1-1\" class=\"so-panel widget widget_text\" data-index=\"4\" ><h3 class=\"widget-title\">\u27a1 La Probl\u00e9matique<\/h3>\t\t\t<div class=\"textwidget\"><p>Les artistes \u00e9mergents sont nombreux et les possibilit\u00e9s de se produire sur sc\u00e8ne devant un public consid\u00e9rable sont limit\u00e9es.<\/p>\n<p>L\u2019offre de spectacles avec des artistes visant un public plus jeune dans la r\u00e9gion est rare. Beaucoup de spectateurs doivent sortir de la ville afin d\u2019assister \u00e0 des \u00e9v\u00e9nements qui rejoignent leurs go\u00fbts et leurs valeurs.<\/p>\n<p>Le Rockaganza permet \u00e0 ce public d\u2019assister, directement au centre-ville de Drummondville, \u00e0 la prestation de pr\u00e8s de 30 artistes durant la fin de semaine.<\/p>\n<p>En diversifiant la programmation et en proposant des artistes en demande comme t\u00eates d&#8217;affiche connues, le festival permet aux artistes \u00e9mergents de faire un lien avec de nouveaux spectateurs.<\/p>\n<\/div>\n\t\t<\/div><div id=\"panel-36-1-1-2\" class=\"so-panel widget widget_text\" data-index=\"5\" ><h3 class=\"widget-title\">\u27a1 Organisation<\/h3>\t\t\t<div class=\"textwidget\"><p>Due \u00e0 des contraintes financi\u00e8res, Les Productions One Up n&#8217;organisera plus l&#8217;\u00e9v\u00e9nement annuel ROCKAGANZA sur le territoire de Drummondville apr\u00e8s l&#8217;\u00e9dition 2019. Il est possible que le nom de l&#8217;\u00e9v\u00e9nement revienne pour d&#8217;autres \u00e9v\u00e9nements futurs, en temps et lieu. Merci \u00e0 tout ceux qui ont particip\u00e9s et collabor\u00e9s \u00e0 l&#8217;\u00e9v\u00e9nement depuis le d\u00e9but et n&#8217;h\u00e9sitez-pas \u00e0 consulter nos autres \u00e9v\u00e9nements.<\/p>\n<\/div>\n\t\t<\/div><div id=\"panel-36-1-1-3\" class=\"so-panel widget widget_origin_button panel-last-child\" data-index=\"6\" ><div class=\"origin-widget origin-widget-button origin-widget-button-simple-orange align-center\"><a href=\"http:\/\/rockaganza.com\" target=\"_blank\" rel=\"noopener noreferrer\">\n\tSite Web<\/a>\n<\/div><\/div><\/div><\/div><\/div>","protected":false},"excerpt":{"rendered":"<p>L\u2019objectif de \u00ab ROCKAGANZA! \u00bb est de proposer un lieu de rendez-vous au centre du Qu\u00e9bec afin de r\u00e9unir les amateurs de Rock, Folk, Ska, Pop-Punk-Rock. L&#8217;\u00e9v\u00e9nement souhaite d\u00e9montrer qu&#8217;il existe plusieurs artistes \u00e9mergents au Qu\u00e9bec. Une sc\u00e8ne secondaire en alternance avec la sc\u00e8ne principale est enti\u00e8rement d\u00e9di\u00e9e aux groupes de la rel\u00e8ve. Les artistes [&hellip;]<\/p>\n","protected":false},"author":1,"featured_media":0,"parent":0,"menu_order":0,"comment_status":"closed","ping_status":"open","template":"templates\/template-full-notitle.php","meta":{"footnotes":""},"class_list":["post-36","page","type-page","status-publish","hentry","post"],"_links":{"self":[{"href":"http:\/\/oneupprod.com\/index.php?rest_route=\/wp\/v2\/pages\/36","targetHints":{"allow":["GET"]}}],"collection":[{"href":"http:\/\/oneupprod.com\/index.php?rest_route=\/wp\/v2\/pages"}],"about":[{"href":"http:\/\/oneupprod.com\/index.php?rest_route=\/wp\/v2\/types\/page"}],"author":[{"embeddable":true,"href":"http:\/\/oneupprod.com\/index.php?rest_route=\/wp\/v2\/users\/1"}],"replies":[{"embeddable":true,"href":"http:\/\/oneupprod.com\/index.php?rest_route=%2Fwp%2Fv2%2Fcomments&post=36"}],"version-history":[{"count":30,"href":"http:\/\/oneupprod.com\/index.php?rest_route=\/wp\/v2\/pages\/36\/revisions"}],"predecessor-version":[{"id":205,"href":"http:\/\/oneupprod.com\/index.php?rest_route=\/wp\/v2\/pages\/36\/revisions\/205"}],"wp:attachment":[{"href":"http:\/\/oneupprod.com\/index.php?rest_route=%2Fwp%2Fv2%2Fmedia&parent=36"}],"curies":[{"name":"wp","href":"https:\/\/api.w.org\/{rel}","templated":true}]}}