{"id":16,"date":"2013-10-30T01:12:08","date_gmt":"2013-10-30T05:12:08","guid":{"rendered":"http:\/\/oneupprod.com\/?page_id=16"},"modified":"2025-02-11T20:07:24","modified_gmt":"2025-02-12T01:07:24","slug":"contactez-nous","status":"publish","type":"page","link":"http:\/\/oneupprod.com\/?page_id=16","title":{"rendered":"Contactez-Nous"},"content":{"rendered":"<div id=\"pl-16\"  class=\"panel-layout\" ><div id=\"pg-16-0\"  class=\"panel-grid panel-no-style\" ><div id=\"pgc-16-0-0\"  class=\"panel-grid-cell\" ><div id=\"panel-16-0-0-0\" class=\"so-panel widget widget_origin_call-to-action panel-first-child\" data-index=\"0\" ><div class=\"origin-widget origin-widget-call-to-action origin-widget-call-to-action-simple-vantage_flat_grey\"><h2 class=\"title\">Steve Martin &#8211; Pr\u00e9sident<\/h2>\n<h5 class=\"subtitle\">steve@oneupprod.com<\/h5>\n<div class=\"origin-widget origin-widget-button origin-widget-button-vantage_flat-green align-none\"><a href=\"mailto:steve@oneupprod.com\" target=\"_blank\" rel=\"noopener noreferrer\">\n\tCourriel<\/a>\n<\/div><\/div><\/div><div id=\"panel-16-0-0-1\" class=\"so-panel widget widget_origin_call-to-action\" data-index=\"1\" ><div class=\"origin-widget origin-widget-call-to-action origin-widget-call-to-action-simple-vantage_flat_grey\"><h2 class=\"title\">Charles Tremblay &#8211; Assistant<\/h2>\n<h5 class=\"subtitle\">charles@kickfliprecords.com<\/h5>\n<div class=\"origin-widget origin-widget-button origin-widget-button-vantage_flat-green align-none\"><a href=\"mailto:charles@kickfliprecords.com\" target=\"_blank\" rel=\"noopener noreferrer\">\n\tCourriel<\/a>\n<\/div><\/div><\/div><div id=\"panel-16-0-0-2\" class=\"so-panel widget widget_origin_call-to-action panel-last-child\" data-index=\"2\" ><div class=\"origin-widget origin-widget-call-to-action origin-widget-call-to-action-simple-vantage_flat_grey\"><h2 class=\"title\">Paul-Andr\u00e9 B\u00e9gin &#8211; Administrateur<\/h2>\n<h5 class=\"subtitle\">paul-andre@begin.net<\/h5>\n<div class=\"origin-widget origin-widget-button origin-widget-button-vantage_flat-green align-none\"><a href=\"mailto:paul-andre@begin.net\" target=\"_blank\" rel=\"noopener noreferrer\">\n\tCourriel<\/a>\n<\/div><\/div><\/div><\/div><div id=\"pgc-16-0-1\"  class=\"panel-grid-cell\" ><div id=\"panel-16-0-1-0\" class=\"so-panel widget widget_origin_call-to-action panel-first-child\" data-index=\"3\" ><div class=\"origin-widget origin-widget-call-to-action origin-widget-call-to-action-simple-vantage_flat_grey\"><h2 class=\"title\">David Rioux &#8211; Administrateur<\/h2>\n<h5 class=\"subtitle\">david@oneupprod.com<\/h5>\n<div class=\"origin-widget origin-widget-button origin-widget-button-vantage_flat-green align-none\"><a href=\"mailto:david@oneupprod.com\" target=\"_blank\" rel=\"noopener noreferrer\">\n\tCourriel<\/a>\n<\/div><\/div><\/div><div id=\"panel-16-0-1-1\" class=\"so-panel widget widget_origin_call-to-action\" data-index=\"4\" ><div class=\"origin-widget origin-widget-call-to-action origin-widget-call-to-action-simple-vantage_flat_grey\"><h2 class=\"title\">Billets \/ Questions<\/h2>\n<h5 class=\"subtitle\">support@oneupprod.com<\/h5>\n<div class=\"origin-widget origin-widget-button origin-widget-button-vantage_flat-green align-none\"><a href=\"mailto:support@oneupprod.com\" target=\"_blank\" rel=\"noopener noreferrer\">\n\tCourriel<\/a>\n<\/div><\/div><\/div><div id=\"panel-16-0-1-2\" class=\"so-panel widget widget_circleicon-widget panel-last-child\" data-index=\"5\" >\t\t<div class=\"circle-icon-box circle-icon-position-top circle-icon-hide-box circle-icon-size-small\">\n\t\t\t<div class=\"circle-icon-wrapper\">\n                \t\t\t\t<div class=\"circle-icon\" >\n\t\t\t\t\t<div class=\"fa fa-mobile\"><\/div>\t\t\t\t<\/div>\n                \t\t\t<\/div>\n\n            \t\t\t<h4>Bureau : +1-418-478-5569<\/h4>            \n\t\t\t\t\t\t\t\t<\/div>\n\t\t<\/div><\/div><\/div><\/div>","protected":false},"excerpt":{"rendered":"<p>Steve Martin &#8211; Pr\u00e9sident steve@oneupprod.com Courriel Charles Tremblay &#8211; Assistant charles@kickfliprecords.com Courriel Paul-Andr\u00e9 B\u00e9gin &#8211; Administrateur paul-andre@begin.net Courriel David Rioux &#8211; Administrateur david@oneupprod.com Courriel Billets \/ Questions support@oneupprod.com Courriel Bureau : +1-418-478-5569<\/p>\n","protected":false},"author":1,"featured_media":0,"parent":0,"menu_order":0,"comment_status":"closed","ping_status":"open","template":"templates\/template-full.php","meta":{"footnotes":""},"class_list":["post-16","page","type-page","status-publish","hentry","post"],"_links":{"self":[{"href":"http:\/\/oneupprod.com\/index.php?rest_route=\/wp\/v2\/pages\/16","targetHints":{"allow":["GET"]}}],"collection":[{"href":"http:\/\/oneupprod.com\/index.php?rest_route=\/wp\/v2\/pages"}],"about":[{"href":"http:\/\/oneupprod.com\/index.php?rest_route=\/wp\/v2\/types\/page"}],"author":[{"embeddable":true,"href":"http:\/\/oneupprod.com\/index.php?rest_route=\/wp\/v2\/users\/1"}],"replies":[{"embeddable":true,"href":"http:\/\/oneupprod.com\/index.php?rest_route=%2Fwp%2Fv2%2Fcomments&post=16"}],"version-history":[{"count":39,"href":"http:\/\/oneupprod.com\/index.php?rest_route=\/wp\/v2\/pages\/16\/revisions"}],"predecessor-version":[{"id":217,"href":"http:\/\/oneupprod.com\/index.php?rest_route=\/wp\/v2\/pages\/16\/revisions\/217"}],"wp:attachment":[{"href":"http:\/\/oneupprod.com\/index.php?rest_route=%2Fwp%2Fv2%2Fmedia&parent=16"}],"curies":[{"name":"wp","href":"https:\/\/api.w.org\/{rel}","templated":true}]}}