{"id":10,"date":"2013-10-07T01:49:35","date_gmt":"2013-10-07T05:49:35","guid":{"rendered":"http:\/\/oneupprod.com\/?page_id=10"},"modified":"2022-07-20T01:23:22","modified_gmt":"2022-07-20T05:23:22","slug":"accueil-2","status":"publish","type":"page","link":"http:\/\/oneupprod.com\/","title":{"rendered":"Accueil"},"content":{"rendered":"<div id=\"pl-10\"  class=\"panel-layout\" ><div id=\"pg-10-0\"  class=\"panel-grid panel-no-style\" ><div id=\"pgc-10-0-0\"  class=\"panel-grid-cell\" ><div id=\"panel-10-0-0-0\" class=\"so-panel widget widget_text panel-first-child\" data-index=\"0\" ><h3 class=\"widget-title\">Bienvenue chez LES PRODUCTIONS ONE UP.<\/h3>\t\t\t<div class=\"textwidget\"><p>Nous sommes un organisme \u00e0 but non-lucratif bas\u00e9 \u00e0 Rimouski ayant comme but de produire des \u00e9v\u00e9nements culturels dans la province de Qu\u00e9bec, Canada.<\/p>\n<\/div>\n\t\t<\/div><div id=\"panel-10-0-0-1\" class=\"so-panel widget widget_sow-image panel-last-child\" data-index=\"1\" ><div\n\t\t\t\n\t\t\tclass=\"so-widget-sow-image so-widget-sow-image-default-8b5b6f678277-10\"\n\t\t\t\n\t\t>\n<div class=\"sow-image-container\">\n\t\t<img loading=\"lazy\" decoding=\"async\" src=\"http:\/\/oneupprod.com\/wp-content\/uploads\/2015\/01\/DSC_0074-1024x681.jpg\" width=\"720\" height=\"479\" srcset=\"http:\/\/oneupprod.com\/wp-content\/uploads\/2015\/01\/DSC_0074-1024x681.jpg 1024w, http:\/\/oneupprod.com\/wp-content\/uploads\/2015\/01\/DSC_0074-300x199.jpg 300w, http:\/\/oneupprod.com\/wp-content\/uploads\/2015\/01\/DSC_0074-272x182.jpg 272w\" sizes=\"auto, (max-width: 720px) 100vw, 720px\" alt=\"\" \t\tclass=\"so-widget-image\"\/>\n\t<\/div>\n\n<\/div><\/div><\/div><\/div><\/div>","protected":false},"excerpt":{"rendered":"<p>Nous sommes un organisme \u00e0 but non-lucratif bas\u00e9 \u00e0 Rimouski ayant comme but de produire des \u00e9v\u00e9nements culturels dans la province de Qu\u00e9bec, Canada.<\/p>\n","protected":false},"author":1,"featured_media":0,"parent":0,"menu_order":0,"comment_status":"closed","ping_status":"open","template":"templates\/template-full-notitle.php","meta":{"footnotes":""},"class_list":["post-10","page","type-page","status-publish","hentry","post"],"_links":{"self":[{"href":"http:\/\/oneupprod.com\/index.php?rest_route=\/wp\/v2\/pages\/10","targetHints":{"allow":["GET"]}}],"collection":[{"href":"http:\/\/oneupprod.com\/index.php?rest_route=\/wp\/v2\/pages"}],"about":[{"href":"http:\/\/oneupprod.com\/index.php?rest_route=\/wp\/v2\/types\/page"}],"author":[{"embeddable":true,"href":"http:\/\/oneupprod.com\/index.php?rest_route=\/wp\/v2\/users\/1"}],"replies":[{"embeddable":true,"href":"http:\/\/oneupprod.com\/index.php?rest_route=%2Fwp%2Fv2%2Fcomments&post=10"}],"version-history":[{"count":16,"href":"http:\/\/oneupprod.com\/index.php?rest_route=\/wp\/v2\/pages\/10\/revisions"}],"predecessor-version":[{"id":211,"href":"http:\/\/oneupprod.com\/index.php?rest_route=\/wp\/v2\/pages\/10\/revisions\/211"}],"wp:attachment":[{"href":"http:\/\/oneupprod.com\/index.php?rest_route=%2Fwp%2Fv2%2Fmedia&parent=10"}],"curies":[{"name":"wp","href":"https:\/\/api.w.org\/{rel}","templated":true}]}}